{"id":106,"date":"2015-12-13T21:35:33","date_gmt":"2015-12-13T20:35:33","guid":{"rendered":"http:\/\/zpwk1133vi.nazwa.pl\/instalator\/wordpress\/?page_id=106"},"modified":"2015-12-18T21:17:20","modified_gmt":"2015-12-18T20:17:20","slug":"pierscienie-bialeckiego-stal","status":"publish","type":"page","link":"https:\/\/www.zpwk.com\/index.php\/pierscienie-bialeckiego-2\/pierscienie-bialeckiego-stal\/","title":{"rendered":"pier\u015bcienie Bia\u0142eckiego &#8211; metal"},"content":{"rendered":"<h5><strong>Pier\u015bcie\u0144 Bia\u0142eckiego Stal<\/strong><\/h5>\n<table style=\"height: 174px;\" border=\"5\" width=\"661\" cellpadding=\"10\">\n<tbody>\n<tr bgcolor=\"#0099cc\">\n<td><span style=\"color: #ffffff;\"><strong>rozmiar<\/strong><\/span><\/td>\n<td><span style=\"color: #ffffff;\"><strong>Ci\u0119\u017car [ kg\/m3]*<\/strong><\/span><\/td>\n<td><span style=\"color: #ffffff;\"><strong>Powierzchnia [m2\/m3]<\/strong><\/span><\/td>\n<td><strong><span style=\"color: #ffffff;\">Obj\u0119to\u015b\u0107 swobodna [%]<\/span> <\/strong><\/td>\n<\/tr>\n<tr>\n<td>pier\u015bcie\u0144 Bia\u0142eckiego fi 80<\/td>\n<td>127<\/td>\n<td>67<\/td>\n<td>96<\/td>\n<\/tr>\n<tr>\n<td>pier\u015bcie\u0144 Bia\u0142eckiego fi 50<\/td>\n<td>200<\/td>\n<td>105<\/td>\n<td>96<\/td>\n<\/tr>\n<tr>\n<td>pier\u015bcie\u0144 Bia\u0142eckiego fi 35<\/td>\n<td>290<\/td>\n<td>155<\/td>\n<td>96<\/td>\n<\/tr>\n<tr>\n<td>pier\u015bcie\u0144 Bia\u0142eckiego fi 25<\/td>\n<td>405<\/td>\n<td>240<\/td>\n<td>95<\/td>\n<\/tr>\n<tr>\n<td>pier\u015bcie\u0144 Bia\u0142eckiego fi 12<\/td>\n<td>463<\/td>\n<td>440<\/td>\n<td>94<\/td>\n<\/tr>\n<\/tbody>\n<\/table>\n<p>*)\u00a0 Ci\u0119\u017car 1m3 wype\u0142nienia przyj\u0119to dla wykonania w stali 1.4301 i standardowej grubo\u015bci \u015bcianki<\/p>\n","protected":false},"excerpt":{"rendered":"<p>Pier\u015bcie\u0144 Bia\u0142eckiego Stal rozmiar Ci\u0119\u017car [ kg\/m3]* Powierzchnia [m2\/m3] Obj\u0119to\u015b\u0107 swobodna [%] pier\u015bcie\u0144 Bia\u0142eckiego fi 80 127 67 96 pier\u015bcie\u0144 Bia\u0142eckiego fi 50 200 105 96 pier\u015bcie\u0144 Bia\u0142eckiego fi 35 290 155 96 pier\u015bcie\u0144 Bia\u0142eckiego fi 25 405 240 95&#8230;<br \/><a class=\"read-more-button\" href=\"https:\/\/www.zpwk.com\/index.php\/pierscienie-bialeckiego-2\/pierscienie-bialeckiego-stal\/\">Read more<\/a><\/p>\n","protected":false},"author":1,"featured_media":0,"parent":85,"menu_order":0,"comment_status":"closed","ping_status":"closed","template":"","meta":[],"_links":{"self":[{"href":"https:\/\/www.zpwk.com\/index.php\/wp-json\/wp\/v2\/pages\/106"}],"collection":[{"href":"https:\/\/www.zpwk.com\/index.php\/wp-json\/wp\/v2\/pages"}],"about":[{"href":"https:\/\/www.zpwk.com\/index.php\/wp-json\/wp\/v2\/types\/page"}],"author":[{"embeddable":true,"href":"https:\/\/www.zpwk.com\/index.php\/wp-json\/wp\/v2\/users\/1"}],"replies":[{"embeddable":true,"href":"https:\/\/www.zpwk.com\/index.php\/wp-json\/wp\/v2\/comments?post=106"}],"version-history":[{"count":6,"href":"https:\/\/www.zpwk.com\/index.php\/wp-json\/wp\/v2\/pages\/106\/revisions"}],"predecessor-version":[{"id":144,"href":"https:\/\/www.zpwk.com\/index.php\/wp-json\/wp\/v2\/pages\/106\/revisions\/144"}],"up":[{"embeddable":true,"href":"https:\/\/www.zpwk.com\/index.php\/wp-json\/wp\/v2\/pages\/85"}],"wp:attachment":[{"href":"https:\/\/www.zpwk.com\/index.php\/wp-json\/wp\/v2\/media?parent=106"}],"curies":[{"name":"wp","href":"https:\/\/api.w.org\/{rel}","templated":true}]}}